{"id":2441,"date":"2014-09-30T12:50:04","date_gmt":"2014-09-30T10:50:04","guid":{"rendered":"http:\/\/lgpegasos-berlin.de\/?page_id=2441"},"modified":"2017-01-06T18:32:18","modified_gmt":"2017-01-06T17:32:18","slug":"aktuellster-bericht","status":"publish","type":"page","link":"http:\/\/lgpegasos-berlin.de\/","title":{"rendered":"aktuellste Berichte"},"content":{"rendered":"<ul>\n<h5>Meissen 2024<\/h5>\n<p>\n<p>Ich fand es schade, dass wir Pegasose&nbsp;schon l\u00e4ngere Zeit nicht mehr&nbsp;auf&nbsp;Tour gegangen waren.<\/p>\n\n\n\n<p>Die Infomail zum 20. Elbtalweinlauf kam mir da gerade recht,&nbsp;um&nbsp;mal&nbsp;zu schauen,&nbsp;wer noch so&nbsp;denktwie ich.&nbsp;Die positive Resonanz auf meine Anfrage hat mich \u00fcberw\u00e4ltigt und&nbsp;sehr&nbsp;erfreut. Die Antwort des Veranstalters auf eine Anfrage \u00fcber eine Sammelmeldung war wenig erfreulich (milde ausgedr\u00fcckt).&nbsp;<\/p>\n\n\n\n<p>Es kam der Tag, an dem die Online \u2013 Anmeldung ge\u00f6ffnet werden sollte. Minuten vorher aktualisierte ich immer wieder die Anmeldeseite. Es gelang mir nicht,&nbsp;in die Sammelanmeldung zu kommen und ein paar Minuten sp\u00e4ter erschien die Meldung,&nbsp;dass der Lauf ausgebucht ist. Na prima, nun stand ich da wie ein Depp,&nbsp;der zu bl\u00f6d ist,&nbsp;uns anzumelden.<\/p>\n\n\n\n<p>Es war mir peinlich,&nbsp;die Info&nbsp;an Euch&nbsp;weiterzugeben. Eine Anfrage&nbsp;an den Veranstalter&nbsp;per email und eine weitere \u00fcber das Kontaktformular blieben unbeantwortet.<\/p>\n\n\n\n<p>Verzweifelt &nbsp;fragte ich in unserem&nbsp;Chat&nbsp;nach,&nbsp;wer trotzdem&nbsp;mit&nbsp;nach Mei\u00dfen zur&nbsp;selbst organisierten Wanderung mitkommen w\u00fcrde. Schon wieder war ich \u00fcberw\u00e4ltigt von&nbsp;der Antwort. Fast alle wollten!<\/p>\n\n\n\n<p>Am 11.10.24 war es dann soweit, so nach und nach trudelten,&nbsp;wie vorher vereinbart, alle&nbsp;im Festzelt ein.<\/p>\n\n\n\n<p>Ich fand es schade, dass wir Pegasose&nbsp;schon l\u00e4ngere Zeit nicht mehr&nbsp;auf&nbsp;Tour gegangen waren.<\/p>\n\n\n\n<p>Die Infomail zum 20. Elbtalweinlauf kam mir da gerade recht,&nbsp;um&nbsp;mal&nbsp;zu schauen,&nbsp;wer noch so&nbsp;denktwie ich.&nbsp;Die positive Resonanz auf meine Anfrage hat mich \u00fcberw\u00e4ltigt und&nbsp;sehr&nbsp;erfreut. Die Antwort des Veranstalters auf eine Anfrage \u00fcber eine Sammelmeldung war wenig erfreulich (milde ausgedr\u00fcckt).&nbsp;<\/p>\n\n\n\n<p>Es kam der Tag, an dem die Online \u2013 Anmeldung ge\u00f6ffnet werden sollte. Minuten vorher aktualisierte ich immer wieder die Anmeldeseite. Es gelang mir nicht,&nbsp;in die Sammelanmeldung zu kommen und ein paar Minuten sp\u00e4ter erschien die Meldung,&nbsp;dass der Lauf ausgebucht ist. Na prima, nun stand ich da wie ein Depp,&nbsp;der zu bl\u00f6d ist,&nbsp;uns anzumelden.<\/p>\n\n\n\n<p>Es war mir peinlich,&nbsp;die Info&nbsp;an Euch&nbsp;weiterzugeben. Eine Anfrage&nbsp;an den Veranstalter&nbsp;per email und eine weitere \u00fcber das Kontaktformular blieben unbeantwortet.<\/p>\n\n\n\n<p>Verzweifelt &nbsp;fragte ich in unserem&nbsp;Chat&nbsp;nach,&nbsp;wer trotzdem&nbsp;mit&nbsp;nach Mei\u00dfen zur&nbsp;selbst organisierten Wanderung mitkommen w\u00fcrde. Schon wieder war ich \u00fcberw\u00e4ltigt von&nbsp;der Antwort. Fast alle wollten!<\/p>\n\n\n\n<p>Am 11.10.24 war es dann soweit, so nach und nach trudelten,&nbsp;wie vorher vereinbart, alle&nbsp;im Festzelt ein.<\/p>\n\n\n\n<figure class=\"wp-block-image size-large is-resized\"><a href=\"http:\/\/lgpegasos-berlin.de\/wp-content\/uploads\/2024\/10\/IMG_0179-2.jpeg\"><img loading=\"lazy\" src=\"http:\/\/lgpegasos-berlin.de\/wp-content\/uploads\/2024\/10\/IMG_0179-2-1024x768.jpeg\" alt=\"\" class=\"wp-image-5027\" width=\"635\" height=\"476\" srcset=\"http:\/\/lgpegasos-berlin.de\/wp-content\/uploads\/2024\/10\/IMG_0179-2-1024x768.jpeg 1024w, http:\/\/lgpegasos-berlin.de\/wp-content\/uploads\/2024\/10\/IMG_0179-2-300x225.jpeg 300w, http:\/\/lgpegasos-berlin.de\/wp-content\/uploads\/2024\/10\/IMG_0179-2-768x576.jpeg 768w, http:\/\/lgpegasos-berlin.de\/wp-content\/uploads\/2024\/10\/IMG_0179-2-1536x1152.jpeg 1536w, http:\/\/lgpegasos-berlin.de\/wp-content\/uploads\/2024\/10\/IMG_0179-2-200x150.jpeg 200w, http:\/\/lgpegasos-berlin.de\/wp-content\/uploads\/2024\/10\/IMG_0179-2-150x113.jpeg 150w, http:\/\/lgpegasos-berlin.de\/wp-content\/uploads\/2024\/10\/IMG_0179-2.jpeg 2000w\" sizes=\"(max-width: 635px) 100vw, 635px\" \/><\/a><\/figure>\n\n\n\n<figure class=\"wp-block-gallery has-nested-images columns-default is-cropped\">\n<figure class=\"wp-block-image size-large\"><a href=\"http:\/\/lgpegasos-berlin.de\/wp-content\/uploads\/2024\/10\/IMG_0181-2.jpeg\"><img loading=\"lazy\" width=\"1024\" height=\"768\" data-id=\"5038\"  src=\"http:\/\/lgpegasos-berlin.de\/wp-content\/uploads\/2024\/10\/IMG_0181-2-1024x768.jpeg\" alt=\"\" class=\"wp-image-5038\" srcset=\"http:\/\/lgpegasos-berlin.de\/wp-content\/uploads\/2024\/10\/IMG_0181-2-1024x768.jpeg 1024w, http:\/\/lgpegasos-berlin.de\/wp-content\/uploads\/2024\/10\/IMG_0181-2-300x225.jpeg 300w, http:\/\/lgpegasos-berlin.de\/wp-content\/uploads\/2024\/10\/IMG_0181-2-768x576.jpeg 768w, http:\/\/lgpegasos-berlin.de\/wp-content\/uploads\/2024\/10\/IMG_0181-2-1536x1152.jpeg 1536w, http:\/\/lgpegasos-berlin.de\/wp-content\/uploads\/2024\/10\/IMG_0181-2-200x150.jpeg 200w, http:\/\/lgpegasos-berlin.de\/wp-content\/uploads\/2024\/10\/IMG_0181-2-150x113.jpeg 150w, http:\/\/lgpegasos-berlin.de\/wp-content\/uploads\/2024\/10\/IMG_0181-2.jpeg 2000w\" sizes=\"(max-width: 1024px) 100vw, 1024px\" \/><\/a><\/figure>\n\n\n\n<figure class=\"wp-block-image size-large\"><a href=\"http:\/\/lgpegasos-berlin.de\/wp-content\/uploads\/2024\/10\/IMG_0180-3.jpeg\"><img loading=\"lazy\" width=\"920\" height=\"690\" data-id=\"5039\"  src=\"http:\/\/lgpegasos-berlin.de\/wp-content\/uploads\/2024\/10\/IMG_0180-3.jpeg\" alt=\"\" class=\"wp-image-5039\" srcset=\"http:\/\/lgpegasos-berlin.de\/wp-content\/uploads\/2024\/10\/IMG_0180-3.jpeg 920w, http:\/\/lgpegasos-berlin.de\/wp-content\/uploads\/2024\/10\/IMG_0180-3-300x225.jpeg 300w, http:\/\/lgpegasos-berlin.de\/wp-content\/uploads\/2024\/10\/IMG_0180-3-768x576.jpeg 768w, http:\/\/lgpegasos-berlin.de\/wp-content\/uploads\/2024\/10\/IMG_0180-3-200x150.jpeg 200w, http:\/\/lgpegasos-berlin.de\/wp-content\/uploads\/2024\/10\/IMG_0180-3-150x113.jpeg 150w\" sizes=\"(max-width: 920px) 100vw, 920px\" \/><\/a><\/figure>\n\n\n\n<figure class=\"wp-block-image size-large\"><a href=\"http:\/\/lgpegasos-berlin.de\/wp-content\/uploads\/2024\/10\/IMG_0182-1.jpeg\"><img loading=\"lazy\" width=\"1024\" height=\"768\" data-id=\"5040\"  src=\"http:\/\/lgpegasos-berlin.de\/wp-content\/uploads\/2024\/10\/IMG_0182-1-1024x768.jpeg\" alt=\"\" class=\"wp-image-5040\" srcset=\"http:\/\/lgpegasos-berlin.de\/wp-content\/uploads\/2024\/10\/IMG_0182-1-1024x768.jpeg 1024w, http:\/\/lgpegasos-berlin.de\/wp-content\/uploads\/2024\/10\/IMG_0182-1-300x225.jpeg 300w, http:\/\/lgpegasos-berlin.de\/wp-content\/uploads\/2024\/10\/IMG_0182-1-768x576.jpeg 768w, http:\/\/lgpegasos-berlin.de\/wp-content\/uploads\/2024\/10\/IMG_0182-1-1536x1152.jpeg 1536w, http:\/\/lgpegasos-berlin.de\/wp-content\/uploads\/2024\/10\/IMG_0182-1-200x150.jpeg 200w, http:\/\/lgpegasos-berlin.de\/wp-content\/uploads\/2024\/10\/IMG_0182-1-150x113.jpeg 150w, http:\/\/lgpegasos-berlin.de\/wp-content\/uploads\/2024\/10\/IMG_0182-1.jpeg 2000w\" sizes=\"(max-width: 1024px) 100vw, 1024px\" \/><\/a><\/figure>\n<figcaption class=\"blocks-gallery-caption\">Die Stimmung war gut<\/figcaption><\/figure>\n\n\n\n<p>Die Stimmung bei Wein, Bier und Snacks war super.<\/p>\n\n\n\n<p>Sonnabend gegen 10:00 Uhr&nbsp;ging es <\/p>\n\n\n\n<figure class=\"wp-block-image size-large is-resized\"><a href=\"http:\/\/lgpegasos-berlin.de\/wp-content\/uploads\/2024\/10\/IMG_0183-1-scaled.jpeg\"><img loading=\"lazy\" src=\"http:\/\/lgpegasos-berlin.de\/wp-content\/uploads\/2024\/10\/IMG_0183-1-768x1024.jpeg\" alt=\"\" class=\"wp-image-5031\" width=\"355\" height=\"473\" srcset=\"http:\/\/lgpegasos-berlin.de\/wp-content\/uploads\/2024\/10\/IMG_0183-1-768x1024.jpeg 768w, http:\/\/lgpegasos-berlin.de\/wp-content\/uploads\/2024\/10\/IMG_0183-1-225x300.jpeg 225w, http:\/\/lgpegasos-berlin.de\/wp-content\/uploads\/2024\/10\/IMG_0183-1-1152x1536.jpeg 1152w, http:\/\/lgpegasos-berlin.de\/wp-content\/uploads\/2024\/10\/IMG_0183-1-1536x2048.jpeg 1536w, http:\/\/lgpegasos-berlin.de\/wp-content\/uploads\/2024\/10\/IMG_0183-1-113x150.jpeg 113w, http:\/\/lgpegasos-berlin.de\/wp-content\/uploads\/2024\/10\/IMG_0183-1-scaled.jpeg 1920w\" sizes=\"(max-width: 355px) 100vw, 355px\" \/><\/a><\/figure>\n\n\n\n<p>Uwe hatte eine \u00f6ffentliche Route, die weitestgehend auf der \u201eWettkampfstrecke\u201c verlief, f\u00fcr uns ausgearbeitet. Die Eigenverpflegung war reichhaltig und abwechselungsreich. Wie bei Pegasos nicht un\u00fcblich,&nbsp;konnte jeder bei jedem zugreifen.<\/p>\n\n\n\n<figure class=\"wp-block-image size-large is-resized\"><a href=\"http:\/\/lgpegasos-berlin.de\/wp-content\/uploads\/2024\/10\/image.jpeg\"><img loading=\"lazy\" src=\"http:\/\/lgpegasos-berlin.de\/wp-content\/uploads\/2024\/10\/image-683x1024.jpeg\" alt=\"\" class=\"wp-image-5032\" width=\"312\" height=\"469\" srcset=\"http:\/\/lgpegasos-berlin.de\/wp-content\/uploads\/2024\/10\/image-683x1024.jpeg 683w, http:\/\/lgpegasos-berlin.de\/wp-content\/uploads\/2024\/10\/image-200x300.jpeg 200w, http:\/\/lgpegasos-berlin.de\/wp-content\/uploads\/2024\/10\/image-768x1151.jpeg 768w, http:\/\/lgpegasos-berlin.de\/wp-content\/uploads\/2024\/10\/image-100x150.jpeg 100w, http:\/\/lgpegasos-berlin.de\/wp-content\/uploads\/2024\/10\/image.jpeg 960w\" sizes=\"(max-width: 312px) 100vw, 312px\" \/><\/a><figcaption>Verdursten musste jedenfalls niemand.<br><\/figcaption><\/figure>\n\n\n\n<p>Unsere Rastpl\u00e4tze\u00a0legten wir abseits der VPs.<br><\/p>\n\n\n\n<figure class=\"wp-block-gallery has-nested-images columns-default is-cropped\">\n<figure class=\"wp-block-image size-large\"><a href=\"http:\/\/lgpegasos-berlin.de\/wp-content\/uploads\/2024\/10\/IMG_0187-1-scaled.jpeg\"><img loading=\"lazy\" width=\"2560\" height=\"1920\" data-id=\"5037\"  src=\"http:\/\/lgpegasos-berlin.de\/wp-content\/uploads\/2024\/10\/IMG_0187-1-scaled.jpeg\" alt=\"\" class=\"wp-image-5037\" srcset=\"http:\/\/lgpegasos-berlin.de\/wp-content\/uploads\/2024\/10\/IMG_0187-1-scaled.jpeg 2560w, http:\/\/lgpegasos-berlin.de\/wp-content\/uploads\/2024\/10\/IMG_0187-1-300x225.jpeg 300w, http:\/\/lgpegasos-berlin.de\/wp-content\/uploads\/2024\/10\/IMG_0187-1-1024x768.jpeg 1024w, http:\/\/lgpegasos-berlin.de\/wp-content\/uploads\/2024\/10\/IMG_0187-1-768x576.jpeg 768w, http:\/\/lgpegasos-berlin.de\/wp-content\/uploads\/2024\/10\/IMG_0187-1-1536x1152.jpeg 1536w, http:\/\/lgpegasos-berlin.de\/wp-content\/uploads\/2024\/10\/IMG_0187-1-2048x1536.jpeg 2048w, http:\/\/lgpegasos-berlin.de\/wp-content\/uploads\/2024\/10\/IMG_0187-1-200x150.jpeg 200w, http:\/\/lgpegasos-berlin.de\/wp-content\/uploads\/2024\/10\/IMG_0187-1-150x113.jpeg 150w\" sizes=\"(max-width: 2560px) 100vw, 2560px\" \/><\/a><\/figure>\n\n\n\n<figure class=\"wp-block-image size-large\"><a href=\"http:\/\/lgpegasos-berlin.de\/wp-content\/uploads\/2024\/10\/IMG_0186-2.jpeg\"><img loading=\"lazy\" width=\"2048\" height=\"1536\" data-id=\"5036\"  src=\"http:\/\/lgpegasos-berlin.de\/wp-content\/uploads\/2024\/10\/IMG_0186-2.jpeg\" alt=\"\" class=\"wp-image-5036\" srcset=\"http:\/\/lgpegasos-berlin.de\/wp-content\/uploads\/2024\/10\/IMG_0186-2.jpeg 2048w, http:\/\/lgpegasos-berlin.de\/wp-content\/uploads\/2024\/10\/IMG_0186-2-300x225.jpeg 300w, http:\/\/lgpegasos-berlin.de\/wp-content\/uploads\/2024\/10\/IMG_0186-2-1024x768.jpeg 1024w, http:\/\/lgpegasos-berlin.de\/wp-content\/uploads\/2024\/10\/IMG_0186-2-768x576.jpeg 768w, http:\/\/lgpegasos-berlin.de\/wp-content\/uploads\/2024\/10\/IMG_0186-2-1536x1152.jpeg 1536w, http:\/\/lgpegasos-berlin.de\/wp-content\/uploads\/2024\/10\/IMG_0186-2-200x150.jpeg 200w, http:\/\/lgpegasos-berlin.de\/wp-content\/uploads\/2024\/10\/IMG_0186-2-150x113.jpeg 150w\" sizes=\"(max-width: 2048px) 100vw, 2048px\" \/><\/a><\/figure>\n\n\n\n<figure class=\"wp-block-image size-large\"><a href=\"http:\/\/lgpegasos-berlin.de\/wp-content\/uploads\/2024\/10\/IMG_0185-1-scaled.jpeg\"><img loading=\"lazy\" width=\"2560\" height=\"1920\" data-id=\"5034\"  src=\"http:\/\/lgpegasos-berlin.de\/wp-content\/uploads\/2024\/10\/IMG_0185-1-scaled.jpeg\" alt=\"\" class=\"wp-image-5034\" srcset=\"http:\/\/lgpegasos-berlin.de\/wp-content\/uploads\/2024\/10\/IMG_0185-1-scaled.jpeg 2560w, http:\/\/lgpegasos-berlin.de\/wp-content\/uploads\/2024\/10\/IMG_0185-1-300x225.jpeg 300w, http:\/\/lgpegasos-berlin.de\/wp-content\/uploads\/2024\/10\/IMG_0185-1-1024x768.jpeg 1024w, http:\/\/lgpegasos-berlin.de\/wp-content\/uploads\/2024\/10\/IMG_0185-1-768x576.jpeg 768w, http:\/\/lgpegasos-berlin.de\/wp-content\/uploads\/2024\/10\/IMG_0185-1-1536x1152.jpeg 1536w, http:\/\/lgpegasos-berlin.de\/wp-content\/uploads\/2024\/10\/IMG_0185-1-2048x1536.jpeg 2048w, http:\/\/lgpegasos-berlin.de\/wp-content\/uploads\/2024\/10\/IMG_0185-1-200x150.jpeg 200w, http:\/\/lgpegasos-berlin.de\/wp-content\/uploads\/2024\/10\/IMG_0185-1-150x113.jpeg 150w\" sizes=\"(max-width: 2560px) 100vw, 2560px\" \/><\/a><\/figure>\n<\/figure>\n\n\n\n<p>Beim letzten Stopp stie\u00dfen die einzigen \u201eOffiziellen\u201c \u00a0Manu und Andreas zu uns und wir wanderten gemeinsam zum Ziel.<\/p>\n\n\n\n<p>Mit Hin-und R\u00fcckweg zu den jeweiligen Unterk\u00fcnften ist so schlapp ein Halbmarathon zustande gekommen. Wir hatten ein paar sch\u00f6ne, harmonische Tage und auch Zeit f\u00fcr ausgiebige Gespr\u00e4che.Selbst das Wetter hat am Sonnabend mitgespielt.<\/p>\n\n\n\n<figure class=\"wp-block-image size-large\"><a href=\"http:\/\/lgpegasos-berlin.de\/wp-content\/uploads\/2024\/10\/IMG_0192-1.jpeg\"><img loading=\"lazy\" width=\"1024\" height=\"768\" src=\"http:\/\/lgpegasos-berlin.de\/wp-content\/uploads\/2024\/10\/IMG_0192-1-1024x768.jpeg\" alt=\"\" class=\"wp-image-5042\" srcset=\"http:\/\/lgpegasos-berlin.de\/wp-content\/uploads\/2024\/10\/IMG_0192-1-1024x768.jpeg 1024w, http:\/\/lgpegasos-berlin.de\/wp-content\/uploads\/2024\/10\/IMG_0192-1-300x225.jpeg 300w, http:\/\/lgpegasos-berlin.de\/wp-content\/uploads\/2024\/10\/IMG_0192-1-768x576.jpeg 768w, http:\/\/lgpegasos-berlin.de\/wp-content\/uploads\/2024\/10\/IMG_0192-1-1536x1152.jpeg 1536w, http:\/\/lgpegasos-berlin.de\/wp-content\/uploads\/2024\/10\/IMG_0192-1-200x150.jpeg 200w, http:\/\/lgpegasos-berlin.de\/wp-content\/uploads\/2024\/10\/IMG_0192-1-150x113.jpeg 150w, http:\/\/lgpegasos-berlin.de\/wp-content\/uploads\/2024\/10\/IMG_0192-1.jpeg 1600w\" sizes=\"(max-width: 1024px) 100vw, 1024px\" \/><\/a><figcaption>Alle sind im \u201cZiel\u201c  angekommen <\/figcaption><\/figure>\n\n\n\n<p>Ich hoffe,&nbsp;dass die n\u00e4chste Tour nicht mehr so lange auf sich warten l\u00e4sst.<\/p>\n\n\n\n<p>Ronny<\/p>\n<br \/>\n<strong>Zur Ansicht aller Eventberichte (beginnend mit dem aktuellsten) bitte die Registerlasche Eventberichte anklicken!<\/strong><br \/>\n<br \/>\n<br \/>\n\n<h5>LG L\u00e4ufer im Spreewald<\/h5>\n<p>\n<p>Ende April waren neun L\u00e4ufer beim L\u00e4ufermeeting im Spreewald aktiv. Die Spreewaldgurke, inspirierte die Macher des Marathons dazu, den Finishern statt einer Medaille eine Gurkennachbildung am Band in Gold, Silber oder Bronze zukommen zu lassen. An vier Tagen wurde  ein Mammutprogramm mit vielen Wettbewerben ausgehend von den Standorten L\u00fcbben, L\u00fcbbenau und Burg organisiert. Die gr\u00f6\u00dfte Breitensportveranstaltung des Landes Brandenburg bietet f\u00fcr Einsteiger, Naturliebhaber, familienbezogene Genuss-, aber auch ambitionierte Leistungssportler ein buntes Spektrum rund um die Disziplinen Radeln, Paddeln, Stand-up-Paddeln, Skaten, Walken und Laufen an.<\/p>\n\n\n\n<p>Die LG L\u00e4ufer entschieden sich f\u00fcr den 5 km Nachtlauf am Samstag Abend und den Halbmarathon am Sonntag in Burg.<\/p>\n\n\n\n<p>Den Nachtlauf absolvierten wir als walkende Gruppe. Schon beim Start konnten man feststellen, dass auch viele Teilnehmer diesen Wettbewerb als Genusslauf absolvierten. So ging es von Burg aus  auf Rad \u2013 und Gehwegen entlang von Wiesen und Wasserl\u00e4ufen durch die typische Spreewaldlandschaft. Mit der eintretenden Dunkelheit wurde von den vielen Helfern an der Strecke mit Fakeln , Kerzen und Lichtshows eine tolle Stimmung erzeugt. Auch Wein konnte unterwegs verkostet werden. Im Ziel gab es dann zur Belohnung die obligatorische Gurke.<\/p>\n\n\n\n<p>So gut eingestimmt ging es dann dem Start am Sonntag entgegen. Am Morgen wurden wir mit blauen Himmel und 0 Grad empfangen, was besonders bei unseren Frauen in der Kleiderfrage Probleme erzeugte. <\/p>\n\n\n\n<p>Schon bald nach dem Start bei Sonnenschein wurden die ersten Kleidungsst\u00fccke abgelegt.<\/p>\n\n\n\n<p>Ein Highlight ist die Durchquerung des Dorfs Waldschl\u00f6sschen. Richtig urig sieht es hier aus. Viele H\u00e4user dienen auch dem Fremdenverkehr. Die Szenerie ist gepr\u00e4gt von kleinen H\u00e4useransammlungen, Feldern, Baumgruppen und immer wieder kleinen Kan\u00e4len. Hier wurden wir von Peters Frau begr\u00fcsst.<\/p>\n\n\n\n<p>Dann ging es \u00fcber unbefestigte Wege Richtung Leipe und Dubkow,. Nochmal \u00fcber die Hauptspree, hier musste der gr\u00f6sste Anstieg der bew\u00e4ltigt werden. \u00dcber eine Treppe wurde ein Wassergraben \u00fcberquert. Dann kommen wir zur S\u00fcdwestecke und die Stra\u00dfe wird wieder breiter und etwas monotoner.&nbsp;<br>Doch schon bald erreichen wir die ersten H\u00e4user von Burg und haben das Ziel fest vor Augen.<\/p>\n\n\n\n<p>Im Ziel gab es dann f\u00fcr alle die silbernde Gurke aus der Hand junger Damen.<\/p>\n\n\n\n<p>Alle haben mit guten AK Plazierungen das Ziel am Marktplatz in Burg erreicht.<\/p>\n\n\n\n<p>Liane AK W60                 2:14,56          9. Platz<\/p>\n\n\n\n<p>Birgit Reukauf W 60       2:21,54          13. Platz<\/p>\n\n\n\n<p>Cordula AK W65              2:03,43        2.Platz<\/p>\n\n\n\n<p>Birgit Rehner W65      ohne Wertung, da die Startnummer verlustig<\/p>\n\n\n\n<p>Ralf  AK M55               2:14,56               50. Platz<\/p>\n\n\n\n<p>Peter  AK M65             2:01,28                6. Platz<\/p>\n\n\n\n<p>Uwe AK M65                2:04,18                9. Platz<\/p>\n\n\n\n<p>Christoph  AK M70      2:31,02                  9. Platz<\/p>\n\n\n\n<p>Unser Dank geht auch unser Begleitfahrzeug und Fotographen, Thomas f\u00fcr die Unterst\u00fctzung.<\/p>\n\n\n\n<p><\/p>\n\n\n\n<p>    <\/p>\n<br \/>\n<strong>Zur Ansicht aller Eventberichte (beginnend mit dem aktuellsten) bitte die Registerlasche Eventberichte anklicken!<\/strong><br \/>\n<br \/>\n<br \/>\n<\/ul>\n","protected":false},"excerpt":{"rendered":"<p>Ende April waren neun L\u00e4ufer beim L\u00e4ufermeeting im Spreewald aktiv. Die Spreewaldgurke, inspirierte die Macher des Marathons dazu, den Finishern statt einer Medaille eine Gurkennachbildung am Band in Gold, Silber oder Bronze zukommen zu lassen. An vier Tagen wurde ein Mammutprogramm mit vielen Wettbewerben ausgehend von den Standorten L\u00fcbben, L\u00fcbbenau und Burg organisiert. Die gr\u00f6\u00dfte Breitensportveranstaltung des Landes Brandenburg bietet f\u00fcr Einsteiger, Naturliebhaber, familienbezogene Genuss-, aber auch ambitionierte Leistungssportler ein buntes Spektrum rund um die Disziplinen Radeln, Paddeln, Stand-up-Paddeln, Skaten, Walken und Laufen an.<\/p>\n<p>Die LG L\u00e4ufer entschieden sich f\u00fcr den 5 km Nachtlauf am Samstag Abend und den Halbmarathon am Sonntag in Burg.<\/p>\n<p>Den Nachtlauf absolvierten wir als walkende Gruppe. Schon beim Start konnten man feststellen, dass auch viele Teilnehmer diesen Wettbewerb als Genusslauf absolvierten. So ging es von Burg aus auf Rad \u2013 und Gehwegen entlang von Wiesen und Wasserl\u00e4ufen durch die typische Spreewaldlandschaft. Mit der eintretenden Dunkelheit  \u2026 <a href=\"http:\/\/lgpegasos-berlin.de\/?p=4982\"> Continue reading <span class=\"meta-nav\">&rarr; <\/span><\/a><\/p>\n","protected":false},"author":1,"featured_media":0,"parent":0,"menu_order":0,"comment_status":"closed","ping_status":"open","template":"","meta":{"ngg_post_thumbnail":0},"_links":{"self":[{"href":"http:\/\/lgpegasos-berlin.de\/index.php?rest_route=\/wp\/v2\/pages\/2441"}],"collection":[{"href":"http:\/\/lgpegasos-berlin.de\/index.php?rest_route=\/wp\/v2\/pages"}],"about":[{"href":"http:\/\/lgpegasos-berlin.de\/index.php?rest_route=\/wp\/v2\/types\/page"}],"author":[{"embeddable":true,"href":"http:\/\/lgpegasos-berlin.de\/index.php?rest_route=\/wp\/v2\/users\/1"}],"replies":[{"embeddable":true,"href":"http:\/\/lgpegasos-berlin.de\/index.php?rest_route=%2Fwp%2Fv2%2Fcomments&post=2441"}],"version-history":[{"count":11,"href":"http:\/\/lgpegasos-berlin.de\/index.php?rest_route=\/wp\/v2\/pages\/2441\/revisions"}],"predecessor-version":[{"id":3701,"href":"http:\/\/lgpegasos-berlin.de\/index.php?rest_route=\/wp\/v2\/pages\/2441\/revisions\/3701"}],"wp:attachment":[{"href":"http:\/\/lgpegasos-berlin.de\/index.php?rest_route=%2Fwp%2Fv2%2Fmedia&parent=2441"}],"curies":[{"name":"wp","href":"https:\/\/api.w.org\/{rel}","templated":true}]}}