{"id":11,"date":"2012-08-22T08:30:03","date_gmt":"2012-08-22T06:30:03","guid":{"rendered":"http:\/\/lgpegasosberlin.wordpress.com\/?page_id=2"},"modified":"2012-09-11T14:43:39","modified_gmt":"2012-09-11T12:43:39","slug":"about","status":"publish","type":"page","link":"http:\/\/lgpegasos-berlin.de\/?page_id=11","title":{"rendered":"\u00fcber uns &#8211; LG Pegasos Berlin"},"content":{"rendered":"<p><strong>F\u00fcr alle, die gerne Sport treiben w\u00fcrden, es alleine jedoch nicht schaffen!<\/strong><\/p>\n<p>Die Laufgemeinschaft Pegasos wurde 1991 durch vier Berliner L\u00e4ufer ins Leben gerufen und umfa\u00dft heute ca.\u00a050 Sportlerinnen und Sportler im Alter zwischen 11 und\u00a0fast 80\u00a0Jahren.<br \/>\nEs handelt sich um eine nicht eingetragene Vereinigung, die Jedermann\/frau offensteht: Einer Mitgliedschaft bedarf es nicht. Die Teilnehmer gehen keinerlei Verpflichtung ein. Eine Aufnahmegeb\u00fchr oder Vereinsbeitr\u00e4ge werden nicht erhoben. Eventuell entstehende Kosten werden auf die Nutzer der jeweiligen Aktivit\u00e4ten umgelegt. Es wird lediglich erwartet, da\u00df die Teilnahme an Sportveranstaltungen unter dem Namen LG Pegasos Berlin erfolgt. Aufgrund des fehlenden Vereinsstatus ist die Teilnahme an offiziellen Meisterschaften nicht m\u00f6glich.<\/p>\n<p>Die LG Pegasos versteht sich als das Sammelbecken f\u00fcr Menschen, die in der Gemeinschaft Sport treiben wollen, ohne eine Vereinsverpflichtung eingehen zu wollen. Es verwundert daher nicht, da\u00df viele unserer Sportlerinnen und Sportler \u00fcber einschl\u00e4gige Vereinserfahrung im Bereich Leichtathletik, Triathlon, Radsport und Fu\u00dfball verf\u00fcgen.<br \/>\nIn erster Linie handelt es sich um eine Laufgemeinschaft, die bei vielen Volksl\u00e4ufen in Berlin pr\u00e4sent ist. Aber auch Starts im Triathlonbereich werden verzeichnet. Hier k\u00f6nnen wir sogar auf die Erfahrung eines &#8222;Ironman&#8220; zur\u00fcckgreifen. Wir bieten regelm\u00e4\u00dfige Lauftreffs, einmal w\u00f6chentlich Gymnastik, Infoschreiben \u00fcber Breitensportveranstaltungen in und um Berlin, sowie Melde &#8211; und Ergebnisdienst.<br \/>\nFerner stehen Reisen zu interessanten Laufveranstaltungen auf dem Programm. So konnten wir bereits erfolgreich an Marathonl\u00e4ufen in New York, Boston, London und Honolulu sowie vielen anderen L\u00e4ufen im In- und Ausland teilnehmen. Den H\u00f6hepunkt bildet jedes Jahr der Berlin-Marathon. Gerade Laufneulinge k\u00f6nnen in der LG Pegasos wertvolle Anleitungen erhalten.<\/p>\n<p>&nbsp;<\/p>\n<p><strong>F\u00fcr Fragen stehen<br \/>\nUwe Kernn (Tel.: 030\/403 48 04)<br \/>\nund<br \/>\nFrank Seelandt (Tel.: 030\/403 45 07)<br \/>\njederzeit zur Verf\u00fcgung.<\/strong><\/p>\n","protected":false},"excerpt":{"rendered":"<p><strong>F\u00fcr alle, die gerne Sport treiben w\u00fcrden, es alleine jedoch nicht schaffen!<\/strong><\/p>\n<p>Die Laufgemeinschaft Pegasos wurde 1991 durch vier Berliner L\u00e4ufer ins Leben gerufen und umfa\u00dft heute ca.\u00a050 Sportlerinnen und Sportler im Alter zwischen 11 und\u00a0fast 80\u00a0Jahren.<br \/> Es handelt sich um eine nicht eingetragene Vereinigung, die Jedermann\/frau offensteht: Einer Mitgliedschaft bedarf es nicht. Die Teilnehmer gehen keinerlei Verpflichtung ein. Eine Aufnahmegeb\u00fchr oder Vereinsbeitr\u00e4ge werden nicht erhoben. Eventuell entstehende Kosten werden auf die Nutzer der jeweiligen Aktivit\u00e4ten umgelegt. Es wird lediglich erwartet, da\u00df die Teilnahme an Sportveranstaltungen unter dem Namen LG Pegasos Berlin erfolgt. Aufgrund des fehlenden Vereinsstatus ist die Teilnahme an offiziellen Meisterschaften nicht m\u00f6glich.<\/p>\n<p>Die LG Pegasos versteht sich als das Sammelbecken f\u00fcr Menschen, die in der Gemeinschaft Sport treiben wollen, ohne eine Vereinsverpflichtung eingehen zu wollen. Es verwundert daher nicht, da\u00df viele unserer Sportlerinnen und Sportler \u00fcber einschl\u00e4gige Vereinserfahrung im Bereich Leichtathletik, Triathlon, Radsport und Fu\u00dfball verf\u00fcgen.<br  \u2026 <a href=\"http:\/\/lgpegasos-berlin.de\/?page_id=11\"> Continue reading <span class=\"meta-nav\">&rarr; <\/span><\/a><\/p>\n","protected":false},"author":1,"featured_media":0,"parent":0,"menu_order":0,"comment_status":"closed","ping_status":"closed","template":"","meta":{"ngg_post_thumbnail":0},"_links":{"self":[{"href":"http:\/\/lgpegasos-berlin.de\/index.php?rest_route=\/wp\/v2\/pages\/11"}],"collection":[{"href":"http:\/\/lgpegasos-berlin.de\/index.php?rest_route=\/wp\/v2\/pages"}],"about":[{"href":"http:\/\/lgpegasos-berlin.de\/index.php?rest_route=\/wp\/v2\/types\/page"}],"author":[{"embeddable":true,"href":"http:\/\/lgpegasos-berlin.de\/index.php?rest_route=\/wp\/v2\/users\/1"}],"replies":[{"embeddable":true,"href":"http:\/\/lgpegasos-berlin.de\/index.php?rest_route=%2Fwp%2Fv2%2Fcomments&post=11"}],"version-history":[{"count":1,"href":"http:\/\/lgpegasos-berlin.de\/index.php?rest_route=\/wp\/v2\/pages\/11\/revisions"}],"predecessor-version":[{"id":243,"href":"http:\/\/lgpegasos-berlin.de\/index.php?rest_route=\/wp\/v2\/pages\/11\/revisions\/243"}],"wp:attachment":[{"href":"http:\/\/lgpegasos-berlin.de\/index.php?rest_route=%2Fwp%2Fv2%2Fmedia&parent=11"}],"curies":[{"name":"wp","href":"https:\/\/api.w.org\/{rel}","templated":true}]}}